{"id":6480,"date":"2018-11-25T18:11:26","date_gmt":"2018-11-25T18:11:26","guid":{"rendered":"http:\/\/www.tier-physio-tcm-stuttgart.de\/?page_id=6480"},"modified":"2024-06-24T10:09:52","modified_gmt":"2024-06-24T10:09:52","slug":"ausbildung","status":"publish","type":"page","link":"https:\/\/www.tier-physio-tcm-stuttgart.de\/?page_id=6480","title":{"rendered":"Ausbildung \/ Links"},"content":{"rendered":"<section class=\"l-section wpb_row height_medium with_img\"><div class=\"l-section-img\" role=\"img\" data-img-width=\"1800\" data-img-height=\"1350\" style=\"background-image: url(https:\/\/www.tier-physio-tcm-stuttgart.de\/wp-content\/uploads\/2018\/10\/wueste_horse.jpg);\"><\/div><div class=\"l-section-h i-cf\"><div class=\"g-cols vc_row via_flex valign_top type_default stacking_default\"><div class=\"vc_col-sm-12 wpb_column vc_column_container\"><div class=\"vc_column-inner\"><div class=\"wpb_wrapper\"><div class=\"wpb_text_column\"><div class=\"wpb_wrapper\"><h2><span style=\"color: #f6f6f6;\">Ausbildung\/Links<\/span><\/h2>\n<\/div><\/div><\/div><\/div><\/div><\/div><\/div><\/section><section class=\"l-section wpb_row height_medium\"><div class=\"l-section-h i-cf\"><div class=\"g-cols vc_row via_flex valign_top type_default stacking_default\"><div class=\"vc_col-sm-12 wpb_column vc_column_container\"><div class=\"vc_column-inner\"><div class=\"wpb_wrapper\"><div class=\"wpb_text_column\"><div class=\"wpb_wrapper\"><h5>Ausbildungen:<\/h5>\n<p>2014 &#8211; 2016 Ausbildung am ifT (Institut f\u00fcr Tierheilkunde) zur Tierphysiotherapeutin und Tierakupunkteurin f\u00fcr Gro\u00df- und Kleintiere<br \/>\n2017 \u2013 2018 Ausbildung in chinesischer Kr\u00e4uterkunde (Phytotherapie) \u2013 Dozent: Guido H\u00f6nig<\/p>\n<h5>Fortbildungen:<\/h5>\n<p>2015 \u00a0 Craniosakrale Therapie am Pferd &#8211; ifT (Institut f\u00fcr Tierheilkunde)<br \/>\n2015 \u00a0 Stoffwechselerkrankungen beim Pferd &#8211; C. Schr\u00f6der<br \/>\n2017 \u00a0 Zungendiagnostik beim Kleintier \u2013 Dr. med. vet. S. Hauswirth<br \/>\n2017 \u00a0 Die Bedeutung des Pulses in der TCM &#8211; Dr. Christina Eul-Matern<br \/>\n2018 \u00a0 Die \u201eWundermeridiane\u201c in der TCM &#8211; Guido H\u00f6nig<br \/>\n2019 \u00a0 Kontrollierte Laserakupunktur 1+2 &#8211; Tina Doxtader<\/p>\n<\/div><\/div><\/div><\/div><\/div><\/div><\/div><\/section><section class=\"l-section wpb_row height_medium\"><div class=\"l-section-h i-cf\"><div class=\"g-cols vc_row via_flex valign_top type_default stacking_default\"><div class=\"vc_col-sm-12 wpb_column vc_column_container\"><div class=\"vc_column-inner\"><div class=\"wpb_wrapper\"><div class=\"wpb_text_column\"><div class=\"wpb_wrapper\"><p>Links:<\/p>\n<p><a href=\"https:\/\/beratung-psycho-logisch.de\">Erika Friedensbacher: Psycho-logisch-beraten<\/a><\/p>\n<p><a href=\"https:\/\/www.ernstpeterfrey.de\/\" target=\"_blank\" rel=\"noopener noreferrer\">Ernst-Peter Frey &#8211; Die Kunst, Pferde auszubilden<\/a><\/p>\n<p><a href=\"https:\/\/www.iris-hufe.de\/\" target=\"_blank\" rel=\"noopener noreferrer\">Iris Dabbert &#8211; Ausbildung Pferde und Reiter<\/a><\/p>\n<p><a href=\"http:\/\/www.irtzing.de\/\" target=\"_blank\" rel=\"noopener noreferrer\">Gudrun Irtzing &#8211; Straight Blue Arabians<\/a><\/p>\n<p><a href=\"https:\/\/www.snautz.de\/tierphysiotherapie\/tierphysiotherapie-651.html\" target=\"_blank\" rel=\"noopener noreferrer\">Snautz &#8211; da bellt&#8217;s und miaut&#8217;s<\/a><\/p>\n<p><a href=\"https:\/\/www.barf-box.de\/\" target=\"_blank\" rel=\"noopener noreferrer\">Barf-Box.de<\/a><\/p>\n<\/div><\/div><\/div><\/div><\/div><\/div><\/div><\/section>\n","protected":false},"excerpt":{"rendered":"Ausbildung\/Links Ausbildungen: 2014 &#8211; 2016 Ausbildung am ifT (Institut f\u00fcr Tierheilkunde) zur Tierphysiotherapeutin und Tierakupunkteurin f\u00fcr Gro\u00df- und Kleintiere 2017 \u2013 2018 Ausbildung in chinesischer Kr\u00e4uterkunde (Phytotherapie) \u2013 Dozent: Guido H\u00f6nig Fortbildungen: 2015 \u00a0 Craniosakrale Therapie am Pferd &#8211; ifT (Institut f\u00fcr Tierheilkunde) 2015 \u00a0 Stoffwechselerkrankungen beim Pferd &#8211; C. Schr\u00f6der 2017 \u00a0 Zungendiagnostik beim...","protected":false},"author":1,"featured_media":0,"parent":5796,"menu_order":0,"comment_status":"closed","ping_status":"closed","template":"","meta":{"footnotes":""},"class_list":["post-6480","page","type-page","status-publish","hentry"],"_links":{"self":[{"href":"https:\/\/www.tier-physio-tcm-stuttgart.de\/index.php?rest_route=\/wp\/v2\/pages\/6480"}],"collection":[{"href":"https:\/\/www.tier-physio-tcm-stuttgart.de\/index.php?rest_route=\/wp\/v2\/pages"}],"about":[{"href":"https:\/\/www.tier-physio-tcm-stuttgart.de\/index.php?rest_route=\/wp\/v2\/types\/page"}],"author":[{"embeddable":true,"href":"https:\/\/www.tier-physio-tcm-stuttgart.de\/index.php?rest_route=\/wp\/v2\/users\/1"}],"replies":[{"embeddable":true,"href":"https:\/\/www.tier-physio-tcm-stuttgart.de\/index.php?rest_route=%2Fwp%2Fv2%2Fcomments&post=6480"}],"version-history":[{"count":18,"href":"https:\/\/www.tier-physio-tcm-stuttgart.de\/index.php?rest_route=\/wp\/v2\/pages\/6480\/revisions"}],"predecessor-version":[{"id":11216,"href":"https:\/\/www.tier-physio-tcm-stuttgart.de\/index.php?rest_route=\/wp\/v2\/pages\/6480\/revisions\/11216"}],"up":[{"embeddable":true,"href":"https:\/\/www.tier-physio-tcm-stuttgart.de\/index.php?rest_route=\/wp\/v2\/pages\/5796"}],"wp:attachment":[{"href":"https:\/\/www.tier-physio-tcm-stuttgart.de\/index.php?rest_route=%2Fwp%2Fv2%2Fmedia&parent=6480"}],"curies":[{"name":"wp","href":"https:\/\/api.w.org\/{rel}","templated":true}]}}