{"id":6381,"date":"2018-11-07T12:48:47","date_gmt":"2018-11-07T12:48:47","guid":{"rendered":"http:\/\/www.tier-physio-tcm-stuttgart.de\/?page_id=6381"},"modified":"2024-06-24T09:46:28","modified_gmt":"2024-06-24T09:46:28","slug":"traditionelle-chinesische-medizin","status":"publish","type":"page","link":"https:\/\/www.tier-physio-tcm-stuttgart.de\/?page_id=6381","title":{"rendered":"Traditionelle Chinesische Medizin"},"content":{"rendered":"<section class=\"l-section wpb_row height_medium with_img\"><div class=\"l-section-img\" role=\"img\" data-img-width=\"1800\" data-img-height=\"1350\" style=\"background-image: url(https:\/\/www.tier-physio-tcm-stuttgart.de\/wp-content\/uploads\/2018\/10\/wueste_horse.jpg);\"><\/div><div class=\"l-section-h i-cf\"><div class=\"g-cols vc_row via_flex valign_top type_default stacking_default\"><div class=\"vc_col-sm-12 wpb_column vc_column_container\"><div class=\"vc_column-inner\"><div class=\"wpb_wrapper\"><div class=\"wpb_text_column\"><div class=\"wpb_wrapper\"><h2><span style=\"color: #ffffff;\">Traditionelle Chinesische Medizin (TCM)<\/span><\/h2>\n<\/div><\/div><\/div><\/div><\/div><\/div><\/div><\/section><section class=\"l-section wpb_row height_medium\"><div class=\"l-section-h i-cf\"><div class=\"g-cols vc_row via_flex valign_top type_default stacking_default\"><div class=\"vc_col-sm-12 wpb_column vc_column_container\"><div class=\"vc_column-inner\"><div class=\"wpb_wrapper\"><div class=\"wpb_text_column\"><div class=\"wpb_wrapper\"><p>Die Traditionelle Chinesische Medizin (TCM) sieht im Begriff der \u201eGesundheit\u201c Harmonie und Gleichgewicht. Nur das Gleichgewicht von Yin und Yang erm\u00f6glicht die Entstehung von Lebensenergie &#8211; dieses Gleichgewicht gilt es zu erhalten. Dabei helfen Akupunktur, TuiNa-AnMo (Massagetechnik) und\/oder Phytotherapie (Kr\u00e4utermischungen) dem K\u00f6rper, sich selbst zu heilen.<\/p>\n<p>Die Untersuchung Ihres Tiers nach der Methode der Traditionellen Chinesischen Medizin bedeutet eine ausf\u00fchrliche Anamnese (Erfassung von relevanten Informationen und Krankengeschichte), Adspektion (visuelle Begutachtung) und Palpation (Betasten des K\u00f6rpers) und eine Puls- und Zungendiagnose. Insbesondere \u00fcber den RAC (reflex auriculo cardial) kann ich sehr spezifisch Ungleichgewichte erf\u00fchlen. Haltungsbedingungen, Ern\u00e4hrung, Grundkonstitution, Verhalten und Charakter Ihres Tiers flie\u00dfen ebenso in die Anamnese ein wie \u00e4u\u00dfere, regionale Bedingungen.<\/p>\n<p>Anschlie\u00dfend erstelle ich eine genaue, individuelle Diagnose (nach TCM) und einen Behandlungsplan.<\/p>\n<p>Der Behandlungsplan beinhaltet Akupunktur, Kr\u00e4utermischungen und\/oder Massagen, eventuell k\u00f6nnen auch andere Anpassungen notwendig sein (Bewegung, Futter, Equipment etc. ).<\/p>\n<\/div><\/div><\/div><\/div><\/div><\/div><\/div><\/section>\n","protected":false},"excerpt":{"rendered":"Traditionelle Chinesische Medizin (TCM) Die Traditionelle Chinesische Medizin (TCM) sieht im Begriff der \u201eGesundheit\u201c Harmonie und Gleichgewicht. Nur das Gleichgewicht von Yin und Yang erm\u00f6glicht die Entstehung von Lebensenergie &#8211; dieses Gleichgewicht gilt es zu erhalten. Dabei helfen Akupunktur, TuiNa-AnMo (Massagetechnik) und\/oder Phytotherapie (Kr\u00e4utermischungen) dem K\u00f6rper, sich selbst zu heilen. Die Untersuchung Ihres Tiers nach...","protected":false},"author":1,"featured_media":0,"parent":0,"menu_order":0,"comment_status":"closed","ping_status":"closed","template":"","meta":{"footnotes":""},"class_list":["post-6381","page","type-page","status-publish","hentry"],"_links":{"self":[{"href":"https:\/\/www.tier-physio-tcm-stuttgart.de\/index.php?rest_route=\/wp\/v2\/pages\/6381"}],"collection":[{"href":"https:\/\/www.tier-physio-tcm-stuttgart.de\/index.php?rest_route=\/wp\/v2\/pages"}],"about":[{"href":"https:\/\/www.tier-physio-tcm-stuttgart.de\/index.php?rest_route=\/wp\/v2\/types\/page"}],"author":[{"embeddable":true,"href":"https:\/\/www.tier-physio-tcm-stuttgart.de\/index.php?rest_route=\/wp\/v2\/users\/1"}],"replies":[{"embeddable":true,"href":"https:\/\/www.tier-physio-tcm-stuttgart.de\/index.php?rest_route=%2Fwp%2Fv2%2Fcomments&post=6381"}],"version-history":[{"count":11,"href":"https:\/\/www.tier-physio-tcm-stuttgart.de\/index.php?rest_route=\/wp\/v2\/pages\/6381\/revisions"}],"predecessor-version":[{"id":11214,"href":"https:\/\/www.tier-physio-tcm-stuttgart.de\/index.php?rest_route=\/wp\/v2\/pages\/6381\/revisions\/11214"}],"wp:attachment":[{"href":"https:\/\/www.tier-physio-tcm-stuttgart.de\/index.php?rest_route=%2Fwp%2Fv2%2Fmedia&parent=6381"}],"curies":[{"name":"wp","href":"https:\/\/api.w.org\/{rel}","templated":true}]}}