{"id":6376,"date":"2018-11-07T12:45:24","date_gmt":"2018-11-07T12:45:24","guid":{"rendered":"http:\/\/www.tier-physio-tcm-stuttgart.de\/?page_id=6376"},"modified":"2023-08-10T12:43:05","modified_gmt":"2023-08-10T12:43:05","slug":"physiotherapie","status":"publish","type":"page","link":"https:\/\/www.tier-physio-tcm-stuttgart.de\/?page_id=6376","title":{"rendered":"Physiotherapie"},"content":{"rendered":"<section class=\"l-section wpb_row height_medium with_img\"><div class=\"l-section-img\" role=\"img\" data-img-width=\"1800\" data-img-height=\"1350\" style=\"background-image: url(https:\/\/www.tier-physio-tcm-stuttgart.de\/wp-content\/uploads\/2018\/10\/wueste_horse.jpg);\"><\/div><div class=\"l-section-h i-cf\"><div class=\"g-cols vc_row via_flex valign_top type_default stacking_default\"><div class=\"vc_col-sm-12 wpb_column vc_column_container\"><div class=\"vc_column-inner\"><div class=\"wpb_wrapper\"><div class=\"wpb_text_column\"><div class=\"wpb_wrapper\"><h2><span style=\"color: #f6f6f6;\">Physiotherapie<\/span><\/h2>\n<\/div><\/div><\/div><\/div><\/div><\/div><\/div><\/section><section class=\"l-section wpb_row height_medium\"><div class=\"l-section-h i-cf\"><div class=\"g-cols vc_row via_flex valign_top type_default stacking_default\"><div class=\"vc_col-sm-12 wpb_column vc_column_container\"><div class=\"vc_column-inner\"><div class=\"wpb_wrapper\"><div class=\"wpb_text_column\"><div class=\"wpb_wrapper\"><p>Ziel der Physiotherapie ist die Wiederherstellung des &#8222;physiologischen Zustands&#8220;.<br \/>\nPhysiologisch, das bedeutet nat\u00fcrlich, gesund, den \u201enormalen\u201c Lebensvorg\u00e4ngen entsprechend.<\/p>\n<p>Um physische Einschr\u00e4nkungen oder Beeintr\u00e4chtigungen Ihres Tiers zu beheben, setze ich manuelle\u00a0 oder physikalische Techniken ein.<br \/>\nNach eingehender Anamnese (Erfassung von Informationen und Krankengeschichte), Adspektion (visueller Begutachtung) und Palpation (Betasten des K\u00f6rpers) sowie der funktionellen bzw. neurologischen Befundung, erstelle ich einen physiotherapeutischen Befund.<br \/>\nDieser dient als Grundlage f\u00fcr die Erstellung des Therapieplans, aufgrund dessen die Behandlung durchgef\u00fchrt und der Erfolg kontrolliert wird.<\/p>\n<p>Zu den Techniken z\u00e4hlen z.B. Massage- und Mobilisationstechniken, aktive und passive Koordinations- und Gangschulung, neurologische Behandlung, Magnetfeldtherapie, die Behandlung mit Reizstrom, K\u00e4lte- oder W\u00e4rmetherapie, der Einsatz von Blutegeln u.v.m., je nach Indikation und Zustand des Patienten.<\/p>\n<\/div><\/div><\/div><\/div><\/div><\/div><\/div><\/section>\n","protected":false},"excerpt":{"rendered":"Physiotherapie Ziel der Physiotherapie ist die Wiederherstellung des &#8222;physiologischen Zustands&#8220;. Physiologisch, das bedeutet nat\u00fcrlich, gesund, den \u201enormalen\u201c Lebensvorg\u00e4ngen entsprechend. Um physische Einschr\u00e4nkungen oder Beeintr\u00e4chtigungen Ihres Tiers zu beheben, setze ich manuelle\u00a0 oder physikalische Techniken ein. Nach eingehender Anamnese (Erfassung von Informationen und Krankengeschichte), Adspektion (visueller Begutachtung) und Palpation (Betasten des K\u00f6rpers) sowie der funktionellen bzw....","protected":false},"author":1,"featured_media":4,"parent":0,"menu_order":0,"comment_status":"closed","ping_status":"closed","template":"","meta":{"footnotes":""},"class_list":["post-6376","page","type-page","status-publish","has-post-thumbnail","hentry"],"_links":{"self":[{"href":"https:\/\/www.tier-physio-tcm-stuttgart.de\/index.php?rest_route=\/wp\/v2\/pages\/6376"}],"collection":[{"href":"https:\/\/www.tier-physio-tcm-stuttgart.de\/index.php?rest_route=\/wp\/v2\/pages"}],"about":[{"href":"https:\/\/www.tier-physio-tcm-stuttgart.de\/index.php?rest_route=\/wp\/v2\/types\/page"}],"author":[{"embeddable":true,"href":"https:\/\/www.tier-physio-tcm-stuttgart.de\/index.php?rest_route=\/wp\/v2\/users\/1"}],"replies":[{"embeddable":true,"href":"https:\/\/www.tier-physio-tcm-stuttgart.de\/index.php?rest_route=%2Fwp%2Fv2%2Fcomments&post=6376"}],"version-history":[{"count":4,"href":"https:\/\/www.tier-physio-tcm-stuttgart.de\/index.php?rest_route=\/wp\/v2\/pages\/6376\/revisions"}],"predecessor-version":[{"id":11200,"href":"https:\/\/www.tier-physio-tcm-stuttgart.de\/index.php?rest_route=\/wp\/v2\/pages\/6376\/revisions\/11200"}],"wp:featuredmedia":[{"embeddable":true,"href":"https:\/\/www.tier-physio-tcm-stuttgart.de\/index.php?rest_route=\/wp\/v2\/media\/4"}],"wp:attachment":[{"href":"https:\/\/www.tier-physio-tcm-stuttgart.de\/index.php?rest_route=%2Fwp%2Fv2%2Fmedia&parent=6376"}],"curies":[{"name":"wp","href":"https:\/\/api.w.org\/{rel}","templated":true}]}}