{"id":6284,"date":"2018-10-29T17:06:37","date_gmt":"2018-10-29T17:06:37","guid":{"rendered":"http:\/\/www.tier-physio-tcm-stuttgart.de\/?page_id=6284"},"modified":"2024-06-24T10:06:20","modified_gmt":"2024-06-24T10:06:20","slug":"ueber-mich","status":"publish","type":"page","link":"https:\/\/www.tier-physio-tcm-stuttgart.de\/?page_id=6284","title":{"rendered":"\u00dcber mich"},"content":{"rendered":"<section class=\"l-section wpb_row height_medium\"><div class=\"l-section-h i-cf\"><div class=\"g-cols vc_row via_flex valign_top type_default stacking_default\"><div class=\"vc_col-sm-12 wpb_column vc_column_container\"><div class=\"vc_column-inner\"><div class=\"wpb_wrapper\"><div class=\"w-image style_outlined align_center\"><a ref=\"magnificPopup\" href=\"https:\/\/www.tier-physio-tcm-stuttgart.de\/wp-content\/uploads\/2018\/11\/chile_1.jpg\" aria-label=\"Link\" class=\"w-image-h\"><img loading=\"lazy\" decoding=\"async\" width=\"1800\" height=\"913\" src=\"https:\/\/www.tier-physio-tcm-stuttgart.de\/wp-content\/uploads\/2018\/11\/chile_1.jpg\" class=\"attachment-full size-full\" alt=\"\" srcset=\"https:\/\/www.tier-physio-tcm-stuttgart.de\/wp-content\/uploads\/2018\/11\/chile_1.jpg 1800w, https:\/\/www.tier-physio-tcm-stuttgart.de\/wp-content\/uploads\/2018\/11\/chile_1-300x152.jpg 300w, https:\/\/www.tier-physio-tcm-stuttgart.de\/wp-content\/uploads\/2018\/11\/chile_1-1024x519.jpg 1024w, https:\/\/www.tier-physio-tcm-stuttgart.de\/wp-content\/uploads\/2018\/11\/chile_1-600x304.jpg 600w\" sizes=\"(max-width: 1800px) 100vw, 1800px\" \/><\/a><\/div><div class=\"wpb_text_column\"><div class=\"wpb_wrapper\"><p>Ich hei\u00dfe Erika Friedensbacher, arbeitete jahrelang mit Pferden und wurde dabei \u00fcber 14 Jahre lang von Sierra, meiner Husky-Mischung, begleitet.<\/p>\n<\/div><\/div><div class=\"wpb_text_column\"><div class=\"wpb_wrapper\"><p>W\u00e4hrend meiner Ausbildungszeit zur Tierphysiotherapeutin und Tierakupunkteurin von 2014 \u2013 2016 am ifT (Institut f\u00fcr Tierheilkunde) in Viernheim entdeckte ich meine Begeisterung f\u00fcr die Traditionelle Chinesische Medizin (TCM). Es folgten die Ausbildung in chinesischer Phytotherapie (Kr\u00e4uterkunde) 2017-2018 bei Guido H\u00f6nig und kontinuierlich weitere Fortbildungen, unter anderem die kontrollierte Laserakupunktur, die ich bis heute begeistert anwende. <br \/>W\u00e4hrend in der Physiotherapie die Wiederherstellung des physiologischen Zustands oberstes Ziel ist, finde ich in der Traditionellen Chinesischen Medizin das f\u00fcr mich wichtigste Prinzip: die Erhaltung der Gesundheit. Prophylaxe wird hier gro\u00dfgeschrieben. Aus diesem Grund steht meine Behandlungsmethodik auf zwei S\u00e4ulen, der Physiotherapie und der Traditionellen Chinesischen Medizin.<\/p>\n<p>Ich lade Sie nun herzlich ein, sich auf meiner Homepage umzusehen. Wenn Sie Fragen haben, wenn Sie den Eindruck haben, Ihr Tier hat Beschwerden: rufen Sie mich an oder schreiben Sie mir eine email. Gerne informiere ich Sie in einem ersten unverbindlichen Gespr\u00e4ch.<\/p>\n<p>Bis dahin w\u00fcnsche ich Ihnen und Ihrem Tier gute Gesundheit und viel Spa\u00df an der Bewegung.<br \/>Ihre Erika Friedensbacher<\/p>\n<p>P.S.: Im Laufe der Jahre konnte ich erfahren, dass Tiere manchmal auch Beschwerden ihrer Besitzer widerspiegeln. Immer wieder ergaben sich vertrauensvolle Gespr\u00e4che zwischen Tierbesitzern und mir. Deshalb freue ich mich inzwischen, auch psychologische Beratung anbieten zu k\u00f6nnen. <br \/>F\u00fchlen Sie sich herzlich eingeladen: <a href=\"https:\/\/beratung-psycho-logisch.de\">https:\/\/beratung-psycho-logisch.de<\/a><\/p>\n<p>\u00a0<\/p>\n<p>\u00a0<\/p>\n<\/div><\/div><div class=\"w-image style_outlined align_right\"><a ref=\"magnificPopup\" href=\"https:\/\/www.tier-physio-tcm-stuttgart.de\/wp-content\/uploads\/2018\/11\/sierra.jpg\" aria-label=\"Link\" class=\"w-image-h\"><img loading=\"lazy\" decoding=\"async\" width=\"300\" height=\"300\" src=\"https:\/\/www.tier-physio-tcm-stuttgart.de\/wp-content\/uploads\/2018\/11\/sierra-300x300.jpg\" class=\"attachment-medium size-medium\" alt=\"\" srcset=\"https:\/\/www.tier-physio-tcm-stuttgart.de\/wp-content\/uploads\/2018\/11\/sierra-300x300.jpg 300w, https:\/\/www.tier-physio-tcm-stuttgart.de\/wp-content\/uploads\/2018\/11\/sierra-150x150.jpg 150w, https:\/\/www.tier-physio-tcm-stuttgart.de\/wp-content\/uploads\/2018\/11\/sierra-350x350.jpg 350w, https:\/\/www.tier-physio-tcm-stuttgart.de\/wp-content\/uploads\/2018\/11\/sierra-600x600.jpg 600w, https:\/\/www.tier-physio-tcm-stuttgart.de\/wp-content\/uploads\/2018\/11\/sierra.jpg 800w\" sizes=\"(max-width: 300px) 100vw, 300px\" \/><\/a><\/div><\/div><\/div><\/div><\/div><\/div><\/section>\n","protected":false},"excerpt":{"rendered":"Ich hei\u00dfe Erika Friedensbacher, arbeitete jahrelang mit Pferden und wurde dabei \u00fcber 14 Jahre lang von Sierra, meiner Husky-Mischung, begleitet. W\u00e4hrend meiner Ausbildungszeit zur Tierphysiotherapeutin und Tierakupunkteurin von 2014 \u2013 2016 am ifT (Institut f\u00fcr Tierheilkunde) in Viernheim entdeckte ich meine Begeisterung f\u00fcr die Traditionelle Chinesische Medizin (TCM). Es folgten die Ausbildung in chinesischer Phytotherapie...","protected":false},"author":1,"featured_media":0,"parent":0,"menu_order":0,"comment_status":"closed","ping_status":"closed","template":"","meta":{"footnotes":""},"class_list":["post-6284","page","type-page","status-publish","hentry"],"_links":{"self":[{"href":"https:\/\/www.tier-physio-tcm-stuttgart.de\/index.php?rest_route=\/wp\/v2\/pages\/6284"}],"collection":[{"href":"https:\/\/www.tier-physio-tcm-stuttgart.de\/index.php?rest_route=\/wp\/v2\/pages"}],"about":[{"href":"https:\/\/www.tier-physio-tcm-stuttgart.de\/index.php?rest_route=\/wp\/v2\/types\/page"}],"author":[{"embeddable":true,"href":"https:\/\/www.tier-physio-tcm-stuttgart.de\/index.php?rest_route=\/wp\/v2\/users\/1"}],"replies":[{"embeddable":true,"href":"https:\/\/www.tier-physio-tcm-stuttgart.de\/index.php?rest_route=%2Fwp%2Fv2%2Fcomments&post=6284"}],"version-history":[{"count":24,"href":"https:\/\/www.tier-physio-tcm-stuttgart.de\/index.php?rest_route=\/wp\/v2\/pages\/6284\/revisions"}],"predecessor-version":[{"id":11215,"href":"https:\/\/www.tier-physio-tcm-stuttgart.de\/index.php?rest_route=\/wp\/v2\/pages\/6284\/revisions\/11215"}],"wp:attachment":[{"href":"https:\/\/www.tier-physio-tcm-stuttgart.de\/index.php?rest_route=%2Fwp%2Fv2%2Fmedia&parent=6284"}],"curies":[{"name":"wp","href":"https:\/\/api.w.org\/{rel}","templated":true}]}}